{"id":768,"date":"2023-12-18T16:49:01","date_gmt":"2023-12-18T15:49:01","guid":{"rendered":"https:\/\/flevotrade.nl\/?page_id=768"},"modified":"2024-05-13T19:57:04","modified_gmt":"2024-05-13T17:57:04","slug":"aardappelen","status":"publish","type":"page","link":"https:\/\/flevotrade.nl\/en\/producten\/aardappelen\/","title":{"rendered":"Potatoes"},"content":{"rendered":"<p>[et_pb_section fb_built=&#8221;1&#8243; custom_padding_last_edited=&#8221;on|desktop&#8221; admin_label=&#8221;Header&#8221; _builder_version=&#8221;4.23.1&#8243; background_color=&#8221;RGBA(255,255,255,0)&#8221; use_background_color_gradient=&#8221;on&#8221; background_color_gradient_stops=&#8221;#fff9ab 0%|#ffffff 69%&#8221; background_enable_image=&#8221;off&#8221; custom_padding=&#8221;15vw||5vw||false|false&#8221; custom_padding_tablet=&#8221;15vw||0vw||false|false&#8221; custom_padding_phone=&#8221;25vw||0vw||false|false&#8221; global_colors_info=&#8221;{}&#8221;][et_pb_row column_structure=&#8221;2_5,3_5&#8243; custom_padding_last_edited=&#8221;on|phone&#8221; disabled_on=&#8221;off|off|off&#8221; _builder_version=&#8221;4.23.1&#8243; width=&#8221;100%&#8221; width_tablet=&#8221;80%&#8221; width_phone=&#8221;&#8221; width_last_edited=&#8221;on|desktop&#8221; max_width_tablet=&#8221;100%&#8221; max_width_phone=&#8221;100%&#8221; max_width_last_edited=&#8221;on|desktop&#8221; module_alignment=&#8221;center&#8221; custom_padding_tablet=&#8221;&#8221; custom_padding_phone=&#8221;||0px||false|false&#8221; global_colors_info=&#8221;{}&#8221; max_width__hover_enabled=&#8221;off|desktop&#8221;][et_pb_column type=&#8221;2_5&#8243; _builder_version=&#8221;4.23.1&#8243; custom_padding=&#8221;||||false|false&#8221; custom_padding_tablet=&#8221;||||false|false&#8221; custom_padding_phone=&#8221;|55%|||false|false&#8221; custom_padding_last_edited=&#8221;off|tablet&#8221; global_colors_info=&#8221;{}&#8221;][et_pb_image src=&#8221;https:\/\/flevotrade.nl\/wp-content\/uploads\/2024\/01\/Aardappelenzak.webp&#8221; show_bottom_space=&#8221;off&#8221; align=&#8221;right&#8221; align_tablet=&#8221;center&#8221; align_phone=&#8221;center&#8221; align_last_edited=&#8221;on|desktop&#8221; _builder_version=&#8221;4.23.4&#8243; _module_preset=&#8221;default&#8221; width=&#8221;100%&#8221; width_tablet=&#8221;70%&#8221; width_phone=&#8221;95%&#8221; width_last_edited=&#8221;on|tablet&#8221; max_width=&#8221;100%&#8221; max_width_tablet=&#8221;100%&#8221; max_width_phone=&#8221;99%&#8221; max_width_last_edited=&#8221;on|desktop&#8221; custom_margin=&#8221;||||false|false&#8221; custom_margin_tablet=&#8221;0vh||||false|false&#8221; custom_margin_phone=&#8221;0vh||||false|false&#8221; custom_margin_last_edited=&#8221;off|desktop&#8221; scroll_scaling_enable=&#8221;on&#8221; scroll_scaling=&#8221;0|50|50|100|80%|100|80%&#8221; scroll_rotating=&#8221;0|50|50|100|0\u00b0|10\u00b0|5\u00b0&#8221; module_alignment_tablet=&#8221;&#8221; module_alignment_phone=&#8221;&#8221; module_alignment_last_edited=&#8221;on|tablet&#8221; global_colors_info=&#8221;{}&#8221; width__hover_enabled=&#8221;off|desktop&#8221;][\/et_pb_image][\/et_pb_column][et_pb_column type=&#8221;3_5&#8243; _builder_version=&#8221;4.23.1&#8243; custom_padding=&#8221;||||false|false&#8221; custom_padding_tablet=&#8221;||||false|false&#8221; custom_padding_phone=&#8221;|55%|||false|false&#8221; custom_padding_last_edited=&#8221;off|tablet&#8221; global_colors_info=&#8221;{}&#8221;][et_pb_text content_tablet=&#8221;<\/p>\n<h2>FlevoTrade&#8217;s uien<\/h2>\n<p>&#8221; content_last_edited=&#8221;off|desktop&#8221; disabled_on=&#8221;off|off|off&#8221; _builder_version=&#8221;4.24.2&#8243; header_font=&#8221;Rubik|500|||||||&#8221; background_color=&#8221;RGBA(255,255,255,0)&#8221; width_tablet=&#8221;100%&#8221; width_phone=&#8221;99%&#8221; width_last_edited=&#8221;on|tablet&#8221; max_width=&#8221;100%&#8221; module_alignment=&#8221;left&#8221; custom_margin_tablet=&#8221;||||false|false&#8221; custom_margin_phone=&#8221;|0px||10%|false|false&#8221; custom_margin_last_edited=&#8221;on|tablet&#8221; custom_padding_tablet=&#8221;&#8221; custom_padding_phone=&#8221;&#8221; custom_padding_last_edited=&#8221;on|tablet&#8221; header_font_size_tablet=&#8221;40px&#8221; module_alignment_tablet=&#8221;left&#8221; module_alignment_phone=&#8221;left&#8221; module_alignment_last_edited=&#8221;on|desktop&#8221; global_colors_info=&#8221;{}&#8221;]<\/p>\n<h2>FlevoTrade&#8217;s aardappelen<\/h2>\n<p>[\/et_pb_text][et_pb_text content_tablet=&#8221;<\/p>\n<p>FlevoTrade is de uien expert!<\/p>\n<p>Dit komt omdat wij sinds 1970 al zijn begonnen met het telen van uien. Hier hebben we geleerd over de juiste bodem, zaad, planttijd, bemesting, ziekte- en plaagbestrijding en natuurlijk de oogst. Alle kennis in huis over het gewas en een groot netwerk opgebouwd van toegewijde uientelers.<\/p>\n<p>Sinds 1995 is daar het sorteer en verpakstation bij gekomen. Hier is de kennis gegroeid over het drogen, opslaan, verpakken en de kwaliteitscontrole. Maar daar blijf het niet bij. Sinds 2004 zijn we ons gaan specialiseren in het exporteren van onze uien.<\/p>\n<p>Wat ons onderscheid is dat bij FlevoTrade het gehele uien proces samen komt: Met eigen inkopers die precies weten welke uien ze moeten selecteren en een interne kwaliteitsdienst die elke stap van het proces bewaken. Het zorgvuldig sorteren en verpakken met innovatieve machines, enorme opslagcapaciteit en expertise in bewaartechniek. Tot aan een wereldwijd uitgebreid netwerk waar de uien naar ge\u00ebxporteerd worden.<\/p>\n<p>Met jaren ervaring in de sector en mooie langdurige samenwerkingen met bedrijven binnen- en buiten de sector, hebben we bewezen dat uien veruit ons hoofdproduct zijn. En daar zijn wij trots op!<\/p>\n<p>FlevoTrade voldoet aan de juiste normen op het gebied van productveiligheid en kwaliteit.<\/p>\n<p>&#8221; content_last_edited=&#8221;off|desktop&#8221; disabled_on=&#8221;off|off|off&#8221; _builder_version=&#8221;4.24.2&#8243; _module_preset=&#8221;default&#8221; width=&#8221;80%&#8221; width_tablet=&#8221;100%&#8221; width_phone=&#8221;99%&#8221; width_last_edited=&#8221;on|tablet&#8221; max_width_tablet=&#8221;100%&#8221; max_width_phone=&#8221;100%&#8221; max_width_last_edited=&#8221;on|tablet&#8221; module_alignment=&#8221;left&#8221; custom_margin_tablet=&#8221;|24px|||false|false&#8221; custom_margin_phone=&#8221;|10%||10%|false|false&#8221; custom_margin_last_edited=&#8221;on|tablet&#8221; global_colors_info=&#8221;{}&#8221;]<\/p>\n<p><em>Met meer dan 35 jaar ervaring in aardappelteelt beschikt FlevoTrade over uitgebreide kennis van dit gewas.<\/em><\/p>\n<p>Aardappelen zijn \u00e9\u00e9n van de meest geconsumeerde voedingsmiddelen ter wereld en maken deel uit van de essenti\u00eble voeding in tal van culturen.<\/p>\n<p>Er is een groot netwerk van aardappeltelers opgebouwd, en onze samenwerking met aardappelverpakkingsstations stelt ons in staat om de juiste selectie te maken voor exportaardappels naar verschillende bestemmingen.<\/p>\n<p>[\/et_pb_text][et_pb_button button_url=&#8221;@ET-DC@eyJkeW5hbWljIjp0cnVlLCJjb250ZW50IjoicG9zdF9saW5rX3VybF9hdHRhY2htZW50Iiwic2V0dGluZ3MiOnsicG9zdF9pZCI6IjI0MTMifX0=@&#8221; url_new_window=&#8221;on&#8221; button_text=&#8221;Download productsheet&#8221; disabled_on=&#8221;off|off|off&#8221; _builder_version=&#8221;4.25.1&#8243; _module_preset=&#8221;6664078b-ba30-43f5-ac8a-e3b619e9e0c1&#8243; hover_enabled=&#8221;0&#8243; global_colors_info=&#8221;{}&#8221; _dynamic_attributes=&#8221;button_url&#8221; sticky_enabled=&#8221;0&#8243;][\/et_pb_button][et_pb_button button_url=&#8221;@ET-DC@eyJkeW5hbWljIjp0cnVlLCJjb250ZW50IjoicG9zdF9saW5rX3VybF9wYWdlIiwic2V0dGluZ3MiOnsicG9zdF9pZCI6IjMyMCJ9fQ==@&#8221; button_text=&#8221;Alle producten&#8221; _builder_version=&#8221;4.23.4&#8243; _dynamic_attributes=&#8221;button_url&#8221; _module_preset=&#8221;131d8d36-be68-418e-8a67-75de49041693&#8243; locked=&#8221;off&#8221; global_colors_info=&#8221;{}&#8221;][\/et_pb_button][\/et_pb_column][\/et_pb_row][\/et_pb_section][et_pb_section fb_built=&#8221;1&#8243; disabled_on=&#8221;off|off|off&#8221; _builder_version=&#8221;4.23.1&#8243; _module_preset=&#8221;default&#8221; custom_padding=&#8221;3px|||||&#8221; global_colors_info=&#8221;{}&#8221;][et_pb_row _builder_version=&#8221;4.23.1&#8243; _module_preset=&#8221;default&#8221; global_colors_info=&#8221;{}&#8221;][et_pb_column type=&#8221;4_4&#8243; _builder_version=&#8221;4.23.1&#8243; _module_preset=&#8221;default&#8221; global_colors_info=&#8221;{}&#8221;][\/et_pb_column][\/et_pb_row][\/et_pb_section]<\/p>\n","protected":false},"excerpt":{"rendered":"<p>FlevoTrade&#8217;s aardappelenMet meer dan 35 jaar ervaring in aardappelteelt beschikt FlevoTrade over uitgebreide kennis van dit gewas. Aardappelen zijn \u00e9\u00e9n van de meest geconsumeerde voedingsmiddelen ter wereld en maken deel uit van de essenti\u00eble voeding in tal van culturen. Er is een groot netwerk van aardappeltelers opgebouwd, en onze samenwerking met aardappelverpakkingsstations stelt ons in [&hellip;]<\/p>\n","protected":false},"author":2,"featured_media":242,"parent":320,"menu_order":0,"comment_status":"closed","ping_status":"closed","template":"","meta":{"_et_pb_use_builder":"on","_et_pb_old_content":"","_et_gb_content_width":"","footnotes":""},"class_list":["post-768","page","type-page","status-publish","has-post-thumbnail","hentry"],"yoast_head":"<!-- This site is optimized with the Yoast SEO plugin v27.4 - https:\/\/yoast.com\/product\/yoast-seo-wordpress\/ -->\n<title>Aardappelen | Flevotrade<\/title>\n<meta name=\"description\" content=\"Met meer dan 35 jaar ervaring in aardappelteelt beschikt FlevoTrade over uitgebreide kennis van dit gewas.\" \/>\n<meta name=\"robots\" content=\"index, follow, max-snippet:-1, max-image-preview:large, max-video-preview:-1\" \/>\n<link rel=\"canonical\" href=\"https:\/\/flevotrade.nl\/en\/producten\/aardappelen\/\" \/>\n<meta property=\"og:locale\" content=\"en_GB\" \/>\n<meta property=\"og:type\" content=\"article\" \/>\n<meta property=\"og:title\" content=\"Aardappelen | Flevotrade\" \/>\n<meta property=\"og:description\" content=\"Met meer dan 35 jaar ervaring in aardappelteelt beschikt FlevoTrade over uitgebreide kennis van dit gewas.\" \/>\n<meta property=\"og:url\" content=\"https:\/\/flevotrade.nl\/en\/producten\/aardappelen\/\" \/>\n<meta property=\"og:site_name\" content=\"Flevotrade\" \/>\n<meta property=\"article:publisher\" content=\"https:\/\/www.facebook.com\/Flevotradeonions\/\" \/>\n<meta property=\"article:modified_time\" content=\"2024-05-13T17:57:04+00:00\" \/>\n<meta property=\"og:image\" content=\"https:\/\/flevotrade.nl\/wp-content\/uploads\/2023\/11\/Aardappelen.webp\" \/>\n\t<meta property=\"og:image:width\" content=\"695\" \/>\n\t<meta property=\"og:image:height\" content=\"696\" \/>\n\t<meta property=\"og:image:type\" content=\"image\/webp\" \/>\n<meta name=\"twitter:card\" content=\"summary_large_image\" \/>\n<meta name=\"twitter:site\" content=\"@FlevoTrade\" \/>\n<meta name=\"twitter:label1\" content=\"Estimated reading time\" \/>\n\t<meta name=\"twitter:data1\" content=\"1 minute\" \/>\n<script type=\"application\/ld+json\" class=\"yoast-schema-graph\">{\"@context\":\"https:\\\/\\\/schema.org\",\"@graph\":[{\"@type\":\"WebPage\",\"@id\":\"https:\\\/\\\/flevotrade.nl\\\/producten\\\/aardappelen\\\/\",\"url\":\"https:\\\/\\\/flevotrade.nl\\\/producten\\\/aardappelen\\\/\",\"name\":\"Aardappelen | Flevotrade\",\"isPartOf\":{\"@id\":\"https:\\\/\\\/flevotrade.nl\\\/#website\"},\"primaryImageOfPage\":{\"@id\":\"https:\\\/\\\/flevotrade.nl\\\/producten\\\/aardappelen\\\/#primaryimage\"},\"image\":{\"@id\":\"https:\\\/\\\/flevotrade.nl\\\/producten\\\/aardappelen\\\/#primaryimage\"},\"thumbnailUrl\":\"https:\\\/\\\/flevotrade.nl\\\/wp-content\\\/uploads\\\/2023\\\/11\\\/Aardappelen.webp\",\"datePublished\":\"2023-12-18T15:49:01+00:00\",\"dateModified\":\"2024-05-13T17:57:04+00:00\",\"description\":\"Met meer dan 35 jaar ervaring in aardappelteelt beschikt FlevoTrade over uitgebreide kennis van dit gewas.\",\"breadcrumb\":{\"@id\":\"https:\\\/\\\/flevotrade.nl\\\/producten\\\/aardappelen\\\/#breadcrumb\"},\"inLanguage\":\"en-GB\",\"potentialAction\":[{\"@type\":\"ReadAction\",\"target\":[\"https:\\\/\\\/flevotrade.nl\\\/producten\\\/aardappelen\\\/\"]}]},{\"@type\":\"ImageObject\",\"inLanguage\":\"en-GB\",\"@id\":\"https:\\\/\\\/flevotrade.nl\\\/producten\\\/aardappelen\\\/#primaryimage\",\"url\":\"https:\\\/\\\/flevotrade.nl\\\/wp-content\\\/uploads\\\/2023\\\/11\\\/Aardappelen.webp\",\"contentUrl\":\"https:\\\/\\\/flevotrade.nl\\\/wp-content\\\/uploads\\\/2023\\\/11\\\/Aardappelen.webp\",\"width\":695,\"height\":696},{\"@type\":\"BreadcrumbList\",\"@id\":\"https:\\\/\\\/flevotrade.nl\\\/producten\\\/aardappelen\\\/#breadcrumb\",\"itemListElement\":[{\"@type\":\"ListItem\",\"position\":1,\"name\":\"Home\",\"item\":\"https:\\\/\\\/flevotrade.nl\\\/\"},{\"@type\":\"ListItem\",\"position\":2,\"name\":\"Producten\",\"item\":\"https:\\\/\\\/flevotrade.nl\\\/producten\\\/\"},{\"@type\":\"ListItem\",\"position\":3,\"name\":\"Aardappelen\"}]},{\"@type\":\"WebSite\",\"@id\":\"https:\\\/\\\/flevotrade.nl\\\/#website\",\"url\":\"https:\\\/\\\/flevotrade.nl\\\/\",\"name\":\"Flevotrade\",\"description\":\"Spreading the Dutch taste over the world\",\"publisher\":{\"@id\":\"https:\\\/\\\/flevotrade.nl\\\/#organization\"},\"potentialAction\":[{\"@type\":\"SearchAction\",\"target\":{\"@type\":\"EntryPoint\",\"urlTemplate\":\"https:\\\/\\\/flevotrade.nl\\\/?s={search_term_string}\"},\"query-input\":{\"@type\":\"PropertyValueSpecification\",\"valueRequired\":true,\"valueName\":\"search_term_string\"}}],\"inLanguage\":\"en-GB\"},{\"@type\":\"Organization\",\"@id\":\"https:\\\/\\\/flevotrade.nl\\\/#organization\",\"name\":\"Flevotrade\",\"url\":\"https:\\\/\\\/flevotrade.nl\\\/\",\"logo\":{\"@type\":\"ImageObject\",\"inLanguage\":\"en-GB\",\"@id\":\"https:\\\/\\\/flevotrade.nl\\\/#\\\/schema\\\/logo\\\/image\\\/\",\"url\":\"https:\\\/\\\/flevotrade.nl\\\/wp-content\\\/uploads\\\/2023\\\/11\\\/FlevoTrade-webTekengebied-1.webp\",\"contentUrl\":\"https:\\\/\\\/flevotrade.nl\\\/wp-content\\\/uploads\\\/2023\\\/11\\\/FlevoTrade-webTekengebied-1.webp\",\"width\":2084,\"height\":480,\"caption\":\"Flevotrade\"},\"image\":{\"@id\":\"https:\\\/\\\/flevotrade.nl\\\/#\\\/schema\\\/logo\\\/image\\\/\"},\"sameAs\":[\"https:\\\/\\\/www.facebook.com\\\/Flevotradeonions\\\/\",\"https:\\\/\\\/x.com\\\/FlevoTrade\",\"https:\\\/\\\/www.instagram.com\\\/flevotrade_onions\\\/\",\"https:\\\/\\\/www.linkedin.com\\\/company\\\/flevotrade-dronten-b-v-\\\/\",\"https:\\\/\\\/www.facebook.com\\\/flevotradeworldwidefoodtrader\\\/\",\"https:\\\/\\\/www.linkedin.com\\\/company\\\/81360739\\\/admin\\\/feed\\\/posts\\\/\"]}]}<\/script>\n<!-- \/ Yoast SEO plugin. -->","yoast_head_json":{"title":"Aardappelen | Flevotrade","description":"With more than 35 years of experience in potato cultivation, FlevoTrade has extensive knowledge of this crop.","robots":{"index":"index","follow":"follow","max-snippet":"max-snippet:-1","max-image-preview":"max-image-preview:large","max-video-preview":"max-video-preview:-1"},"canonical":"https:\/\/flevotrade.nl\/en\/producten\/aardappelen\/","og_locale":"en_GB","og_type":"article","og_title":"Aardappelen | Flevotrade","og_description":"Met meer dan 35 jaar ervaring in aardappelteelt beschikt FlevoTrade over uitgebreide kennis van dit gewas.","og_url":"https:\/\/flevotrade.nl\/en\/producten\/aardappelen\/","og_site_name":"Flevotrade","article_publisher":"https:\/\/www.facebook.com\/Flevotradeonions\/","article_modified_time":"2024-05-13T17:57:04+00:00","og_image":[{"width":695,"height":696,"url":"https:\/\/flevotrade.nl\/wp-content\/uploads\/2023\/11\/Aardappelen.webp","type":"image\/webp"}],"twitter_card":"summary_large_image","twitter_site":"@FlevoTrade","twitter_misc":{"Estimated reading time":"1 minute"},"schema":{"@context":"https:\/\/schema.org","@graph":[{"@type":"WebPage","@id":"https:\/\/flevotrade.nl\/producten\/aardappelen\/","url":"https:\/\/flevotrade.nl\/producten\/aardappelen\/","name":"Aardappelen | Flevotrade","isPartOf":{"@id":"https:\/\/flevotrade.nl\/#website"},"primaryImageOfPage":{"@id":"https:\/\/flevotrade.nl\/producten\/aardappelen\/#primaryimage"},"image":{"@id":"https:\/\/flevotrade.nl\/producten\/aardappelen\/#primaryimage"},"thumbnailUrl":"https:\/\/flevotrade.nl\/wp-content\/uploads\/2023\/11\/Aardappelen.webp","datePublished":"2023-12-18T15:49:01+00:00","dateModified":"2024-05-13T17:57:04+00:00","description":"With more than 35 years of experience in potato cultivation, FlevoTrade has extensive knowledge of this crop.","breadcrumb":{"@id":"https:\/\/flevotrade.nl\/producten\/aardappelen\/#breadcrumb"},"inLanguage":"en-GB","potentialAction":[{"@type":"ReadAction","target":["https:\/\/flevotrade.nl\/producten\/aardappelen\/"]}]},{"@type":"ImageObject","inLanguage":"en-GB","@id":"https:\/\/flevotrade.nl\/producten\/aardappelen\/#primaryimage","url":"https:\/\/flevotrade.nl\/wp-content\/uploads\/2023\/11\/Aardappelen.webp","contentUrl":"https:\/\/flevotrade.nl\/wp-content\/uploads\/2023\/11\/Aardappelen.webp","width":695,"height":696},{"@type":"BreadcrumbList","@id":"https:\/\/flevotrade.nl\/producten\/aardappelen\/#breadcrumb","itemListElement":[{"@type":"ListItem","position":1,"name":"Home","item":"https:\/\/flevotrade.nl\/"},{"@type":"ListItem","position":2,"name":"Producten","item":"https:\/\/flevotrade.nl\/producten\/"},{"@type":"ListItem","position":3,"name":"Aardappelen"}]},{"@type":"WebSite","@id":"https:\/\/flevotrade.nl\/#website","url":"https:\/\/flevotrade.nl\/","name":"Flevotrade","description":"Spreading the Dutch taste over the world","publisher":{"@id":"https:\/\/flevotrade.nl\/#organization"},"potentialAction":[{"@type":"SearchAction","target":{"@type":"EntryPoint","urlTemplate":"https:\/\/flevotrade.nl\/?s={search_term_string}"},"query-input":{"@type":"PropertyValueSpecification","valueRequired":true,"valueName":"search_term_string"}}],"inLanguage":"en-GB"},{"@type":"Organization","@id":"https:\/\/flevotrade.nl\/#organization","name":"Flevotrade","url":"https:\/\/flevotrade.nl\/","logo":{"@type":"ImageObject","inLanguage":"en-GB","@id":"https:\/\/flevotrade.nl\/#\/schema\/logo\/image\/","url":"https:\/\/flevotrade.nl\/wp-content\/uploads\/2023\/11\/FlevoTrade-webTekengebied-1.webp","contentUrl":"https:\/\/flevotrade.nl\/wp-content\/uploads\/2023\/11\/FlevoTrade-webTekengebied-1.webp","width":2084,"height":480,"caption":"Flevotrade"},"image":{"@id":"https:\/\/flevotrade.nl\/#\/schema\/logo\/image\/"},"sameAs":["https:\/\/www.facebook.com\/Flevotradeonions\/","https:\/\/x.com\/FlevoTrade","https:\/\/www.instagram.com\/flevotrade_onions\/","https:\/\/www.linkedin.com\/company\/flevotrade-dronten-b-v-\/","https:\/\/www.facebook.com\/flevotradeworldwidefoodtrader\/","https:\/\/www.linkedin.com\/company\/81360739\/admin\/feed\/posts\/"]}]}},"_links":{"self":[{"href":"https:\/\/flevotrade.nl\/en\/wp-json\/wp\/v2\/pages\/768","targetHints":{"allow":["GET"]}}],"collection":[{"href":"https:\/\/flevotrade.nl\/en\/wp-json\/wp\/v2\/pages"}],"about":[{"href":"https:\/\/flevotrade.nl\/en\/wp-json\/wp\/v2\/types\/page"}],"author":[{"embeddable":true,"href":"https:\/\/flevotrade.nl\/en\/wp-json\/wp\/v2\/users\/2"}],"replies":[{"embeddable":true,"href":"https:\/\/flevotrade.nl\/en\/wp-json\/wp\/v2\/comments?post=768"}],"version-history":[{"count":2,"href":"https:\/\/flevotrade.nl\/en\/wp-json\/wp\/v2\/pages\/768\/revisions"}],"predecessor-version":[{"id":2423,"href":"https:\/\/flevotrade.nl\/en\/wp-json\/wp\/v2\/pages\/768\/revisions\/2423"}],"up":[{"embeddable":true,"href":"https:\/\/flevotrade.nl\/en\/wp-json\/wp\/v2\/pages\/320"}],"wp:featuredmedia":[{"embeddable":true,"href":"https:\/\/flevotrade.nl\/en\/wp-json\/wp\/v2\/media\/242"}],"wp:attachment":[{"href":"https:\/\/flevotrade.nl\/en\/wp-json\/wp\/v2\/media?parent=768"}],"curies":[{"name":"wp","href":"https:\/\/api.w.org\/{rel}","templated":true}]}}